{"id":461,"date":"2025-08-14T11:10:48","date_gmt":"2025-08-14T10:10:48","guid":{"rendered":"https:\/\/mamillatenerife.com\/?page_id=461"},"modified":"2026-04-08T13:18:45","modified_gmt":"2026-04-08T12:18:45","slug":"declaracion-de-accesibilidad","status":"publish","type":"page","link":"https:\/\/mamillatenerife.com\/en\/declaracion-de-accesibilidad\/","title":{"rendered":"Accessibility statement"},"content":{"rendered":"<style>.elementor-461 .elementor-element.elementor-element-413afa2f{--display:flex;--margin-top:100px;--margin-bottom:0px;--margin-left:0px;--margin-right:0px;}:root{--page-title-display:none;}<\/style>\t\t<div data-elementor-type=\"wp-page\" data-elementor-id=\"461\" class=\"elementor elementor-461\" data-elementor-post-type=\"page\">\n\t\t\t\t<div class=\"elementor-element elementor-element-413afa2f e-flex e-con-boxed e-con e-parent\" data-id=\"413afa2f\" data-element_type=\"container\" data-e-type=\"container\">\n\t\t\t\t\t<div class=\"e-con-inner\">\n\t\t\t\t<div class=\"elementor-element elementor-element-7938090 elementor-widget elementor-widget-text-editor\" data-id=\"7938090\" data-element_type=\"widget\" data-e-type=\"widget\" data-widget_type=\"text-editor.default\">\n\t\t\t\t<div class=\"elementor-widget-container\">\n\t\t\t\t\t\t\t\t\t\n<p><strong>Declaraci\u00f3n de Accesibilidad<\/strong><\/p>\n\n\n\n<p><a href=\"https:\/\/mamillatenerife.com\/en\">https:\/\/mamillatenerife.com\/<\/a><strong> <\/strong>\u00a0se compromete a garantizar la accesibilidad de su sitio web conforme al Real Decreto 1112\/2018, de 7 de septiembre, sobre la accesibilidad de los sitios web y aplicaciones para dispositivos m\u00f3viles del sector p\u00fablico, aplicable tambi\u00e9n a determinados sitios web de titularidad privada seg\u00fan el \u00e1mbito de aplicaci\u00f3n.<\/p>\n\n\n\n<p><strong>Situaci\u00f3n de cumplimiento<\/strong><\/p>\n\n\n\n<p>Este sitio web es plenamente conforme con el Real Decreto 1112\/2018, ya que cumple con todos los requisitos de accesibilidad de las Pautas de Accesibilidad para el Contenido Web (WCAG) 2.1 en su nivel AA.<\/p>\n\n\n\n<p><strong>Preparaci\u00f3n de esta declaraci\u00f3n de accesibilidad<\/strong><\/p>\n\n\n\n<p>La presente declaraci\u00f3n fue preparada el\u00a0 08 de abril de 2026.<\/p>\n\n\n\n<p>La metodolog\u00eda empleada ha sido una autoevaluaci\u00f3n interna, complementada con el uso de herramientas autom\u00e1ticas como:<\/p>\n\n\n\n<ul class=\"wp-block-list\">\n<li>WAVE (WebAIM)<\/li>\n\n\n\n<li>Lighthouse (Chrome DevTools)<\/li>\n\n\n\n<li>WebAIM Contrast Checker<\/li>\n<\/ul>\n\n\n\n<p><strong>Enlace de salto al contenido<\/strong><\/p>\n\n\n\n<p>Este sitio incorpora un enlace de \u201cSaltar al contenido\u201d accesible mediante el teclado (tecla Tab), que permite al usuario ir directamente al contenido principal de cada p\u00e1gina.<\/p>\n\n\n\n<p><strong>Revisi\u00f3n<\/strong><\/p>\n\n\n\n<p>Esta declaraci\u00f3n ser\u00e1 revisada de forma peri\u00f3dica para asegurar su vigencia y adaptaci\u00f3n a futuras actualizaciones del sitio web.<\/p>\n\n\n\n<p><strong>Observaciones y datos de contacto<\/strong><\/p>\n\n\n\n<p>Si encuentras alguna dificultad de acceso o quieres comunicar cualquier incumplimiento de los requisitos de accesibilidad, por favor ponte en contacto con nosotros:<\/p>\n\n\n\n<ul class=\"wp-block-list\">\n<li><strong>Correo electr\u00f3nico:<\/strong> info@mamillatenerife.com<\/li>\n\n\n\n<li><strong>Formulario de contacto:\u00a0<\/strong><a href=\"https:\/\/mamillatenerife.com\/en\/contacto\/\">https:\/\/mamillatenerife.com\/contacto<\/a><\/li>\n<\/ul>\n\n\n\n<p>Puedes presentar:<\/p>\n\n\n\n<ul class=\"wp-block-list\">\n<li>Una queja relativa al cumplimiento de los requisitos del RD 1112\/2018.<\/li>\n\n\n\n<li>Una solicitud de informaci\u00f3n accesible relativa a contenidos que est\u00e9n excluidos del \u00e1mbito de aplicaci\u00f3n o exentos del cumplimiento por imponer una carga desproporcionada.<\/li>\n<\/ul>\n\n\n\n<p><strong>Procedimiento de aplicaci\u00f3n<\/strong><\/p>\n\n\n\n<p>Si la respuesta a tu solicitud es insatisfactoria, podr\u00e1s iniciar una reclamaci\u00f3n dirigi\u00e9ndote al organismo competente en materia de accesibilidad, de acuerdo con el procedimiento establecido en el art\u00edculo 13 del RD 1112\/2018.<\/p>\n\t\t\t\t\t\t\t\t<\/div>\n\t\t\t\t<\/div>\n\t\t\t\t\t<\/div>\n\t\t\t\t<\/div>\n\t\t\t\t<\/div>","protected":false},"excerpt":{"rendered":"<p>Declaraci\u00f3n de Accesibilidad https:\/\/mamillatenerife.com\/ \u00a0se compromete a garantizar la accesibilidad de su sitio web conforme al Real Decreto 1112\/2018, de 7 de septiembre, sobre la accesibilidad de los sitios web y aplicaciones para dispositivos m\u00f3viles del sector p\u00fablico, aplicable tambi\u00e9n a determinados sitios web de titularidad privada seg\u00fan el \u00e1mbito de aplicaci\u00f3n. Situaci\u00f3n de cumplimiento [&hellip;]<\/p>\n","protected":false},"author":2,"featured_media":0,"parent":0,"menu_order":0,"comment_status":"closed","ping_status":"closed","template":"","meta":{"_acf_changed":false,"footnotes":""},"class_list":["post-461","page","type-page","status-publish","hentry"],"acf":[],"_links":{"self":[{"href":"https:\/\/mamillatenerife.com\/en\/wp-json\/wp\/v2\/pages\/461","targetHints":{"allow":["GET"]}}],"collection":[{"href":"https:\/\/mamillatenerife.com\/en\/wp-json\/wp\/v2\/pages"}],"about":[{"href":"https:\/\/mamillatenerife.com\/en\/wp-json\/wp\/v2\/types\/page"}],"author":[{"embeddable":true,"href":"https:\/\/mamillatenerife.com\/en\/wp-json\/wp\/v2\/users\/2"}],"replies":[{"embeddable":true,"href":"https:\/\/mamillatenerife.com\/en\/wp-json\/wp\/v2\/comments?post=461"}],"version-history":[{"count":5,"href":"https:\/\/mamillatenerife.com\/en\/wp-json\/wp\/v2\/pages\/461\/revisions"}],"predecessor-version":[{"id":1002,"href":"https:\/\/mamillatenerife.com\/en\/wp-json\/wp\/v2\/pages\/461\/revisions\/1002"}],"wp:attachment":[{"href":"https:\/\/mamillatenerife.com\/en\/wp-json\/wp\/v2\/media?parent=461"}],"curies":[{"name":"wp","href":"https:\/\/api.w.org\/{rel}","templated":true}]}}